{"id":436,"date":"2023-12-13T11:04:56","date_gmt":"2023-12-13T11:04:56","guid":{"rendered":"https:\/\/ghost.dolphincity.it\/?page_id=436"},"modified":"2024-04-18T09:11:04","modified_gmt":"2024-04-18T09:11:04","slug":"storia","status":"publish","type":"page","link":"https:\/\/ghost.dolphincity.it\/?page_id=436","title":{"rendered":"Storia"},"content":{"rendered":"<div class=\"wpb-content-wrapper\">[vc_row][vc_column]\n\t\t\t<!-- START banner_matrix_storia REVOLUTION SLIDER 6.6.12 --><p class=\"rs-p-wp-fix\"><\/p>\n\t\t\t<rs-module-wrap id=\"rev_slider_10_1_wrapper\" data-source=\"gallery\" style=\"visibility:hidden;background:transparent;padding:0;margin:0px auto;margin-top:0;margin-bottom:0;\">\n\t\t\t\t<rs-module id=\"rev_slider_10_1\" style=\"\" data-version=\"6.6.12\">\n\t\t\t\t\t<rs-slides style=\"overflow: hidden; position: absolute;\">\n\t\t\t\t\t\t<rs-slide style=\"position: absolute;\" data-key=\"rs-10\" data-title=\"Slide\" data-anim=\"ms:1040;\" data-in=\"o:0;\" data-out=\"a:false;\">\n\t\t\t\t\t\t\t<img decoding=\"async\" src=\"\/\/ghost.dolphincity.it\/wp-content\/plugins\/revslider\/public\/assets\/assets\/dummy.png\" alt=\"Slide\" title=\"Storia\" class=\"rev-slidebg tp-rs-img rs-lazyload\" data-lazyload=\"\/\/ghost.dolphincity.it\/wp-content\/plugins\/revslider\/public\/assets\/assets\/transparent.png\" data-no-retina>\n<!--\n\t\t\t\t\t\t\t--><rs-layer\n\t\t\t\t\t\t\t\tid=\"slider-10-slide-10-layer-0\" \n\t\t\t\t\t\t\t\tdata-type=\"image\"\n\t\t\t\t\t\t\t\tdata-rsp_ch=\"on\"\n\t\t\t\t\t\t\t\tdata-xy=\"x:1060px;y:221px;\"\n\t\t\t\t\t\t\t\tdata-text=\"w:normal;\"\n\t\t\t\t\t\t\t\tdata-dim=\"w:1329px;h:346px;\"\n\t\t\t\t\t\t\t\tdata-frame_999=\"o:0;st:w;\"\n\t\t\t\t\t\t\t\tstyle=\"z-index:9;\"\n\t\t\t\t\t\t\t><img fetchpriority=\"high\" decoding=\"async\" src=\"\/\/ghost.dolphincity.it\/wp-content\/plugins\/revslider\/public\/assets\/assets\/dummy.png\" alt=\"\" class=\"tp-rs-img rs-lazyload\" width=\"1920\" height=\"500\" data-lazyload=\"\/\/ghost.dolphincity.it\/wp-content\/uploads\/2024\/02\/1-storia.png\" data-no-retina> \n\t\t\t\t\t\t\t<\/rs-layer><!--\n\n\t\t\t\t\t\t\t--><rs-layer\n\t\t\t\t\t\t\t\tid=\"slider-10-slide-10-layer-1\" \n\t\t\t\t\t\t\t\tdata-type=\"shape\"\n\t\t\t\t\t\t\t\tdata-rsp_ch=\"on\"\n\t\t\t\t\t\t\t\tdata-xy=\"x:2px;y:-127px;\"\n\t\t\t\t\t\t\t\tdata-text=\"w:normal;\"\n\t\t\t\t\t\t\t\tdata-dim=\"w:2192px;h:820px;\"\n\t\t\t\t\t\t\t\tdata-frame_999=\"o:0;st:w;\"\n\t\t\t\t\t\t\t\tstyle=\"z-index:7;background-color:rgba(0,0,0,0.5);\"\n\t\t\t\t\t\t\t> \n\t\t\t\t\t\t\t<\/rs-layer><!--\n\n\t\t\t\t\t\t\t--><a\n\t\t\t\t\t\t\t\tid=\"slider-10-slide-10-layer-2\" \n\t\t\t\t\t\t\t\tclass=\"rs-layer\"\n\t\t\t\t\t\t\t\thref=\"https:\/\/ghost.dolphincity.it\/storia\/\" target=\"_self\"\n\t\t\t\t\t\t\t\tdata-type=\"shape\"\n\t\t\t\t\t\t\t\tdata-rsp_ch=\"on\"\n\t\t\t\t\t\t\t\tdata-xy=\"x:-2px;y:-6px;\"\n\t\t\t\t\t\t\t\tdata-text=\"w:normal;\"\n\t\t\t\t\t\t\t\tdata-dim=\"w:2155px;h:506;\"\n\t\t\t\t\t\t\t\tdata-frame_999=\"o:0;st:w;\"\n\t\t\t\t\t\t\t\tstyle=\"z-index:10;background-color:rgba(0,0,0,0);\"\n\t\t\t\t\t\t\t> \n\t\t\t\t\t\t\t<\/a><!--\n\n\t\t\t\t\t\t\t--><rs-layer\n\t\t\t\t\t\t\t\tid=\"slider-10-slide-10-layer-6\" \n\t\t\t\t\t\t\t\tdata-type=\"image\"\n\t\t\t\t\t\t\t\tdata-rsp_ch=\"on\"\n\t\t\t\t\t\t\t\tdata-xy=\"x:-17px;y:34px;\"\n\t\t\t\t\t\t\t\tdata-text=\"w:normal;\"\n\t\t\t\t\t\t\t\tdata-dim=\"w:425px;h:425px;\"\n\t\t\t\t\t\t\t\tdata-frame_999=\"o:0;st:w;\"\n\t\t\t\t\t\t\t\tstyle=\"z-index:8;\"\n\t\t\t\t\t\t\t><img decoding=\"async\" src=\"\/\/ghost.dolphincity.it\/wp-content\/plugins\/revslider\/public\/assets\/assets\/dummy.png\" alt=\"\" class=\"tp-rs-img rs-lazyload\" width=\"500\" height=\"500\" data-lazyload=\"\/\/ghost.dolphincity.it\/wp-content\/uploads\/2024\/02\/terschio-ghost.png\" data-no-retina> \n\t\t\t\t\t\t\t<\/rs-layer><!--\n\n\t\t\t\t\t\t\t--><rs-layer\n\t\t\t\t\t\t\t\tid=\"slider-10-slide-10-layer-15\" \n\t\t\t\t\t\t\t\tclass=\"rs-layer-video intrinsic-ignore\"\n\t\t\t\t\t\t\t\tdata-type=\"video\"\n\t\t\t\t\t\t\t\tdata-rsp_ch=\"on\"\n\t\t\t\t\t\t\t\tdata-xy=\"x:-4px;y:-387px;\"\n\t\t\t\t\t\t\t\tdata-text=\"w:normal;\"\n\t\t\t\t\t\t\t\tdata-dim=\"w:2158px;h:1214px;\"\n\t\t\t\t\t\t\t\tdata-video=\"vfc:true;vd:100;l:false;ptimer:false;\"\n\t\t\t\t\t\t\t\tdata-poster=\"\/\/ghost.dolphincity.it\/wp-content\/uploads\/revslider\/video-media\/matrix_back_3_layer.jpeg\"\n\t\t\t\t\t\t\t\tdata-mp4=\"\/\/ghost.dolphincity.it\/wp-content\/uploads\/2024\/02\/matrix_back.mp4\"\n\t\t\t\t\t\t\t\tdata-frame_999=\"o:0;st:w;\"\n\t\t\t\t\t\t\t\tstyle=\"z-index:6;\"\n\t\t\t\t\t\t\t>\n\t\t\t\t\t\t\t<\/rs-layer><!--\n-->\t\t\t\t\t\t<\/rs-slide>\n\t\t\t\t\t<\/rs-slides>\n\t\t\t\t<\/rs-module>\n\t\t\t\t<script>\n\t\t\t\t\tsetREVStartSize({c: 'rev_slider_10_1',rl:[1240,1024,778,480],el:[500],gw:[1920],gh:[500],type:'standard',justify:'',layout:'fullwidth',mh:\"0\"});if (window.RS_MODULES!==undefined && window.RS_MODULES.modules!==undefined && window.RS_MODULES.modules[\"revslider101\"]!==undefined) {window.RS_MODULES.modules[\"revslider101\"].once = false;window.revapi10 = undefined;if (window.RS_MODULES.checkMinimal!==undefined) window.RS_MODULES.checkMinimal()}\n\t\t\t\t<\/script>\n\t\t\t<\/rs-module-wrap>\n\t\t\t<!-- END REVOLUTION SLIDER -->\n[vc_column_text][\/vc_column_text][\/vc_column][\/vc_row][vc_section css=&#8221;.vc_custom_1710414455010{padding-right: 100px !important;padding-left: 100px !important;}&#8221;][vc_row][vc_column width=&#8221;2\/3&#8243;][vc_column_text css_animation=&#8221;none&#8221;]<span style=\"font-size: 14pt;\">Nel mondo dei videogiochi la storia ha un ruolo fondamentale perch\u00e9 se sei una persona che si annoia con la storia, nei videogiochi sei pi\u00f9 concentrato perch\u00e9 devi completare missioni o scoprire nuovi posti o conquistare nazioni. Un gioco ambientato nella storia pu\u00f2 essere &#8220;Call of Duty&#8221; ambientato nella Seconda Guerra Mondiale, quindi se giocavi a Call of Duty lo sapevi gi\u00e0 e non dovevi studiare la Seconda Guerra Mondiale.<\/span><\/p>\n<p><span style=\"font-size: 14pt;\">Call of Duty \u00e8 un videogioco di tipo sparatutto in prima persona sviluppato per Windows da Infinity Ward e pubblicato da Activision il 29 ottobre 2003. \u00c8 il primo capitolo dell&#8217;omonima serie. Fu accompagnato nel settembre del 2004 dall&#8217;espansione Call of Duty: United Offensive, sviluppata da Gray Matter Interactive (con il contributo di Pi Studios) e pubblicata da Activision.<\/span><\/p>\n<p><span style=\"font-size: 14pt;\">Nel 2004 il videogioco viene convertito e riadattato allo scopo di raggiungere altre piattaforme: telefono cellulare, Mac OS e N-Gage. Lo stesso anno esce Call of Duty: L&#8217;ora degli eroi (Call of Duty: Finest Hour), un videogioco derivato da Call of Duty, sviluppato da Spark Unlimited e disponibile esclusivamente per le piattaforme PlayStation 2, GameCube e Xbox. Al 2009 risale la pubblicazione di Call of Duty Classic, una riedizione del primo capitolo della serie scaricabile da Xbox Live o PlayStation Network (fruibile quindi per i sistemi Xbox 360 e PlayStation 3) attraverso un codice ottenuto dall&#8217;acquisto delle edizioni Hardened o Prestige di Call of Duty: Modern Warfare 2.<\/span>[\/vc_column_text][\/vc_column][vc_column width=&#8221;1\/3&#8243;][vc_separator color=&#8221;white&#8221;][vc_separator color=&#8221;white&#8221;][vc_video link=&#8221;https:\/\/www.youtube.com\/watch?v=yKczlpyBkdE&#8221;][\/vc_column][\/vc_row][\/vc_section][vc_section css=&#8221;.vc_custom_1710414463394{padding-right: 100px !important;padding-left: 100px !important;}&#8221;][vc_row][vc_column width=&#8221;2\/3&#8243;][vc_column_text css_animation=&#8221;none&#8221;]<span style=\"font-size: 14pt;\">OXO \u00e8 stato il primo videogioco creato da studenti universitari di nome Alexander. S &#8220;Sandy&#8221; Douglas. \u00c8 stato riprodotto su un computer che utilizzava un tubo a raggi catodici e come schermo di un computer EDSAC. Simula una partita di tris contro il computer, gioco a giocatore singolo, il giocatore deve selezionare una casella di gioco.<\/span><br \/>\n<span style=\"font-size: 14pt;\">Pochi anni dopo la Seconda Guerra Mondiale dove tutti ricominciarono da zero utilizzando nuove innovazioni.<\/span><br \/>\n<span style=\"font-size: 14pt;\">Inventando e sperimentando con OXO altri videogiochi negli anni &#8217;50, ad esempio &#8220;tennis for two&#8221;.<\/span><br \/>\n<span style=\"font-size: 14pt;\">Il mondo dei videogiochi \u00e8 nato grazie ad Alexander e Douglas, due studenti universitari dell&#8217;Universit\u00e0 di Cambridge che hanno creato il proprio gioco OXO.<\/span><br \/>\n<span style=\"font-size: 14pt;\">Anche nelle sale giochi iniziarono a mettere i primi videogiochi tra gli anni &#8217;70 e &#8217;80 partendo da space invader a pac-man, mario bros, anche nei bar e nei casin\u00f2 vennero sviluppati videogiochi chiamati slot machine che sono giochi d&#8217;azzardo. Le slot machine sono costituite da una pulsantiera, esiste anche il modello doppio, con corazza nel vano dove si trovano le monete o le banconote.<\/span>[\/vc_column_text][\/vc_column][vc_column width=&#8221;1\/3&#8243; css=&#8221;.vc_custom_1710407598760{padding-right: 100px !important;}&#8221;][vc_single_image image=&#8221;1651&#8243; img_size=&#8221;full&#8221; alignment=&#8221;center&#8221; css_animation=&#8221;bounceInRight&#8221;][\/vc_column][\/vc_row][\/vc_section][vc_section css=&#8221;.vc_custom_1710414472139{padding-right: 100px !important;padding-left: 100px !important;}&#8221;][vc_row][vc_column width=&#8221;2\/3&#8243;][vc_column_text css_animation=&#8221;none&#8221;]<span style=\"font-size: 14pt;\">L&#8217;origine di Pac-Man \u00e8 piuttosto particolare. Sembra infatti che l&#8217;idea sia venuta a T\u014dru Iwatani durante una cena con alcuni amici mentre guardava una pizza dalla quale era stata tolta una fetta. Mesi dopo quella cena, grazie ad un team di sviluppo diviso in hardware e software e aiutato da Shigeo Funaki, anche il musicista Toshio Kai vede nascere Pac-Man. Il gioco veniva venduto in Giappone con il nome puck-man, il termine deriva dalla parola giapponese pakupaku ovvero &#8220;chiudere e aprire la bocca&#8221;. Il nome fu successivamente cambiato in Pac-Man per la sua vendita negli Stati Uniti. A causa di una spiacevole coincidenza con una parolaccia inglese, si temeva che &#8220;Puckman&#8221; potesse essere mutilato in un osceno &#8220;Fuckman&#8221;. Sulle ragioni dell&#8217;enorme successo del gioco sono state fatte diverse ipotesi, prima fra tutte la sua tematica insolita e un po&#8217; non violenta, in un&#8217;epoca in cui il mondo dei videogiochi era dominato da astronavi, raggi laser e guerre. Ken Uston, autore del best seller Mastering Pac-Man, sottolinea che si tratta anche di un gioco in cui, per avere successo, lo sfruttamento intelligente dei modelli comportamentali dei fantasmi \u00e8 pi\u00f9 importante della semplice rapidit\u00e0 dei riflessi. Un&#8217;altra caratteristica \u00e8 la semplicit\u00e0 dei controlli poich\u00e9 \u00e8 sufficiente una sola mano sulla manopola. Le prime versioni del software avevano un difetto: i nemici fantasma di Pac-Man erano costretti a seguire uno schema di movimenti fisso.\u00a0<\/span>[\/vc_column_text][\/vc_column][vc_column width=&#8221;1\/3&#8243; css=&#8221;.vc_custom_1710407608928{padding-right: 100px !important;}&#8221;][vc_single_image image=&#8221;1540&#8243; img_size=&#8221;full&#8221; alignment=&#8221;center&#8221; css_animation=&#8221;fadeInRight&#8221;][\/vc_column][\/vc_row][\/vc_section][vc_section css=&#8221;.vc_custom_1710414485949{padding-right: 100px !important;padding-left: 100px !important;}&#8221;][vc_row][vc_column width=&#8221;2\/3&#8243;][vc_column_text css_animation=&#8221;none&#8221;]<span style=\"font-size: 14pt;\">La prima PlayStation \u00e8 nata in Giappone il 3 dicembre 1994.<\/span><br \/>\n<span style=\"font-size: 14pt;\">Il successo della PS1 \u00e8 dovuto in gran parte all&#8217;enorme quantit\u00e0 di giochi disponibili nel catalogo, ma anche alla sua potenza hardware che permette agli sviluppatori di creare altri capitoli superiori ai primi. Un gioco ad esempio \u00e8 Resident Evil, le differenze tra il primo e il secondo capitolo e la grafica migliorata ma l&#8217;hardware che li faceva girare era lo stesso.<\/span><br \/>\n<span style=\"font-size: 14pt;\">Nintendo intende fare un passo avanti costruendo un lettore capace di contenere le sue cartucce ma anche il CD-ROM. E da qui \u00e8 nato il progetto Playstation insieme a Sony. Tutto va bene ma all&#8217;inizio di giugno del 1991 Nintendo tradisce Sony e decide di affidarsi a Philips. Sony reagisce alla tradizione e inizia cos\u00ec a progettare la propria console chiamata PlayStation, l&#8217;azienda dice addio alle cartucce e si concentra sui CD.<\/span><br \/>\n<span style=\"font-size: 14pt;\">Una scelta che si rivela vincente. E arriviamo alla data 3 dicembre 1994. L&#8217;attenzione \u00e8 caduta sul joypad chiamato controller e poi dualshok composto da 4 tasti cerchio, triangolo, quadrato e x.<\/span><br \/>\n<span style=\"font-size: 14pt;\">La prima PlayStation ha venduto pi\u00f9 di 102 milioni.<\/span><br \/>\n<span style=\"font-size: 14pt;\">Alla fine del 1996 PlayStation One raggiunse i 10 milioni di vendite in tutto il mondo, e per questo risultato Sony cre\u00f2 due console in edizione limitata color oro e una blu notte.<\/span>[\/vc_column_text][\/vc_column][vc_column css_animation=&#8221;fadeInRight&#8221; width=&#8221;1\/3&#8243; css=&#8221;.vc_custom_1710407622447{padding-right: 100px !important;}&#8221;][vc_gallery interval=&#8221;3&#8243; images=&#8221;2169,2172&#8243; img_size=&#8221;full&#8221;][\/vc_column][\/vc_row][\/vc_section][vc_section css=&#8221;.vc_custom_1710414496468{padding-right: 100px !important;padding-left: 100px !important;}&#8221;][vc_row][vc_column width=&#8221;2\/3&#8243;][vc_column_text css_animation=&#8221;none&#8221;]<span style=\"font-size: 14pt;\">La Seconda Guerra Mondiale inizi\u00f2 il 1 settembre 1939 quando Hitler invase la Polonia. Il 3 settembre Francia e Inghilterra unirono le forze per dichiarare guerra alla Germania. L&#8217;esercito nazista sconfisse la Polonia e conquist\u00f2 Varsavia. Il 30 settembre 1939 i russi guidati da Stalin con il patto Molotov invasero la filanda. Nel giugno 1940 Hitler si espanse in Europa e conquist\u00f2 la Francia.<\/span><br \/>\n<span style=\"font-size: 14pt;\">Dopo aver conquistato la Francia, Hitler voleva conquistare anche l&#8217;URSS, ma prima voleva conquistare la Gran Bretagna, e cos\u00ec nel 1940 Hitler dichiar\u00f2 guerra alla Gran Bretagna e inizi\u00f2 una guerra aerea ma i tedeschi persero. Nel 1939 l&#8217;Italia non entr\u00f2 in guerra a causa della sua impreparazione militare, ma l&#8217;anno successivo, il 10 giugno 1940, Benito Mussolini dichiar\u00f2 davanti a tutti in Piazza Venezia a Roma che l&#8217;Italia stava entrando in guerra. Nel 1941 il numero delle vittime aument\u00f2. Il 1941 fu un anno cruciale perch\u00e9 vi furono:<\/span><br \/>\n<span style=\"font-size: 14pt;\">1) L&#8217;invasione italo-tedesca in Jugoslavia e Grecia.<\/span><br \/>\n<span style=\"font-size: 14pt;\">2) L&#8217;invasione tedesca dell&#8217;URSS.<\/span><br \/>\n<span style=\"font-size: 14pt;\">3) La battaglia tra gli inglesi contro i tedeschi e l&#8217;Italia contro l&#8217;Africa.<\/span><br \/>\n<span style=\"font-size: 14pt;\">4) Gli Stati Uniti entrano in guerra.<\/span><br \/>\n<span style=\"font-size: 14pt;\">5) E lo sterminio degli ebrei nei campi di concentramento.<br \/>\n<\/span><span style=\"font-size: 14pt;\">6) Italiani, giapponesi e tedeschi formarono le potenze dell&#8217;Asse mentre francesi, inglesi e americani divennero le potenze alleate. I nazisti volevano portare avanti lo sterminio degli ebrei, i nazisti pensavano che gli ebrei fossero i pi\u00f9 potenti del mondo. Pi\u00f9 di 6 milioni di ebrei furono sterminati nei campi di concentramento, morirono di fame, lavorarono molto duramente e dormirono su assi di legno senza materasso n\u00e9 cuscino. Gli ebrei molto stanchi venivano portati a fare la doccia, ma nelle docce dei campi di concentramento non uscivano acqua ma gas che li uccideva subito. Hitler non si preoccup\u00f2 del patto Molotov e cos\u00ec Hitler inizi\u00f2 l&#8217;operazione Barbarossa nel 1941 e invase l&#8217;URSS, i russi impreparati subirono una forte avanzata da parte dei tedeschi, i russi senza tregua con l&#8217;aiuto di Stalin riuscirono a fermare i tedeschi prima di conquistare : Mosca, Stalingrado e Leningrado. Il Giappone entr\u00f2 in guerra nel 1941 perch\u00e9 nel dicembre 1941 bombard\u00f2 la base navale di Pearl Harbor, uccidendo 4.000 persone, distruggendo 230 aerei e 18 navi, tutto questo in sole due ore. E cos\u00ec anche l\u2019America entr\u00f2 in guerra. Nel 1943 le truppe italo-tedesche si ritirarono dalla Russia e furono sconfitte in Africa.\u00a0<\/span>[\/vc_column_text][\/vc_column][vc_column width=&#8221;1\/3&#8243; css=&#8221;.vc_custom_1710407634619{padding-right: 100px !important;}&#8221;][vc_single_image image=&#8221;1658&#8243; img_size=&#8221;full&#8221; alignment=&#8221;center&#8221;][vc_single_image image=&#8221;1660&#8243; img_size=&#8221;full&#8221; alignment=&#8221;center&#8221;][\/vc_column][\/vc_row][\/vc_section][vc_section css=&#8221;.vc_custom_1710414506580{padding-right: 100px !important;padding-left: 100px !important;}&#8221;][vc_row][vc_column width=&#8221;2\/3&#8243;][vc_column_text css_animation=&#8221;none&#8221;]<span style=\"font-size: 14pt;\">Battleship \u00e8 molto popolare in tutto il mondo, dall&#8217;essere un gioco con carta e matita all&#8217;essere un gioco da tavolo\u00a0con diverse case editrici.<\/span><br \/>\n<span style=\"font-size: 14pt;\">Per giocare a Battaglia Navale sono necessari quattro tavoli, tutti di uguali dimensioni. I quadrati della tabella sono identificati da coppie di coordinate che corrispondono a riga e colonna. tradizionalmente si utilizzano lettere per le colonne e numeri per le righe.<\/span><br \/>\n<span style=\"font-size: 14pt;\">All&#8217;inizio i giocatori devono posizionare le navi segnandole su una delle loro due griglie, una nave occupa un certo numero di caselle sul tavolo.<\/span><br \/>\n<span style=\"font-size: 14pt;\">I giocatori organizzano\u00a0 quante\u00a0 navi avere.\u00a0 Molti giocatori utilizzano una tecnica per\u00a0 fare riferimento a navi\u00a0 di varie dimensioni, ad esempio un sottomarino\u00a0 e solitamente una nave di dimensione 3.<\/span><br \/>\n<span style=\"font-size: 14pt;\">Una volta posizionate le navi il gioco \u00e8 fatto di turni, il giocatore di turno spara un colpo dicendo una casella (ad esempio b-5) l&#8217;avversario controlla sulla griglia se nella cella su cui l&#8217;avversario ha detto c&#8217;\u00e8 qualcosa oppure no, nel Se il giocatore di turno non ha colpito nulla si chiama acqua o ha mancato, se nel caso ha colpito qualcosa si chiama colpo.<\/span><br \/>\n<span style=\"font-size: 14pt;\">Sul secondo tavolo i giocatori scrivono i colpi che hanno sparato e il loro esito, quando un colpo colpisce l&#8217;ultima casella della nave affonda e il giocatore che l&#8217;ha affondata dir\u00e0 colpita e affondata, vince il primo che affonda pi\u00f9 navi.<\/span>[\/vc_column_text][\/vc_column][vc_column width=&#8221;1\/3&#8243; css=&#8221;.vc_custom_1710407648185{padding-right: 100px !important;}&#8221;][vc_single_image image=&#8221;1654&#8243; img_size=&#8221;full&#8221; alignment=&#8221;center&#8221; css_animation=&#8221;fadeInRight&#8221;][\/vc_column][\/vc_row][\/vc_section][vc_section css=&#8221;.vc_custom_1710414514930{padding-right: 100px !important;padding-left: 100px !important;}&#8221;][vc_row][vc_column][vc_column_text css_animation=&#8221;none&#8221;]<span style=\"font-size: 14pt;\">La prima guerra persiana inizi\u00f2 nel 492 a.C. e si concluse con la vittoria degli Ateniesi nella battaglia di Maratona. Il conflitto fu deciso dal re di Persia Dario I per punire Atene ed Eretria dove in precedenza avevano sostenuto le poleis della Ionia durante la loro rivolta contro la dominazione persiana, provocando l&#8217;ira di Dario che vedeva nel conflitto la possibilit\u00e0 di estendere il suo dominio in Europa e proteggere la frontiera occidentale del suo vasto impero.<\/span><br \/>\n<span style=\"font-size: 14pt;\">Durante la prima campagna effettuata nel 492 a.C., Mardonio (generale persiano al comando di Dario I e poi del figlio Serse) fu inviato in Macedonia e Tracia dove fu sconfitto dai Traci Bigi, successivamente la campagna fu interrotta dal naufragio della flotta persiana durante una tempesta al largo del Monte Athos.<\/span><br \/>\n<span style=\"font-size: 14pt;\">L&#8217;anno successivo Dario invi\u00f2 molti raccolti in tutta la Grecia chiedendo loro in cambio di diventare suoi sudditi, quasi tutte le citt\u00e0 accettarono ma Sparta e Atene non accettarono e uccisero gli ambasciatori, visto che Atene era arrabbiata con lui e che Sparta gli aveva dichiarato guerra. lui Dario ordin\u00f2 una spedizione militare per l&#8217;anno successivo.<\/span><br \/>\n<span style=\"font-size: 14pt;\">La seconda campagna inizi\u00f2 nel 492 a.C. e fu comandata da Dati (generale persiano) e Artaferne (generale persiano figlio di Sardi Artaferne), la spedizione si concentr\u00f2 sulla conquista delle isole Cicladi, che erano tutte unite all&#8217;impero persiano compresa Naxos che nel 499 a.C. erano riusciti a resistere) raggiunta la terraferma le truppe sbarcarono ad Eretria che fu conquistata e rasa al suolo e i suoi cittadini ridotti in schiavit\u00f9, mentre l&#8217;impero persiano si diresse verso l&#8217;Attica e sbarcarono a Maratona dove fu gravemente sconfitto dal piccolo esercito protetto dai poleis di Atene e Platea.<\/span><br \/>\n<span style=\"font-size: 14pt;\">La sconfitta imped\u00ec la continuazione della spedizione, costringendo i persiani a tornare in Asia con i prigionieri erestri. Tuttavia, la Persia riusc\u00ec a raggiungere la maggior parte degli obiettivi punendo la maggior parte delle persone che sostenevano i ribelli ionici e conquistando le isole dell&#8217;Egeo.<\/span><br \/>\n<span style=\"font-size: 14pt;\">Vista la brutta interruzione della spedizione, Dario ne prepar\u00f2 un&#8217;altra molto pi\u00f9 grande per conquistare definitivamente la Grecia e punire Atene e Sparta, ma questa spedizione fu continuamente rinviata a causa di un&#8217;epidemia locale all&#8217;interno dell&#8217;impero achemenide e Dario mor\u00ec. di vecchiaia.<\/span><br \/>\n<span style=\"font-size: 14pt;\">Il compito di condurre una nuova campagna fu lasciato al figlio Serse I che la attiv\u00f2 nel 480 a.C.<\/span>[\/vc_column_text][\/vc_column][\/vc_row][\/vc_section][vc_section css=&#8221;.vc_custom_1710414528676{padding-right: 100px !important;padding-left: 100px !important;}&#8221;][vc_row][vc_column][vc_column_text css_animation=&#8221;none&#8221;]<span style=\"font-size: 14pt;\">La seconda guerra persiana fu una serie di conflitti militari che coinvolsero l&#8217;impero persiano del re Serse I e le citt\u00e0-stato greche, in particolare Atene e Sparta. di Platea.<\/span><br \/>\n<span style=\"font-size: 14pt;\">La causa della guerra fu la rivalit\u00e0 tra la Grecia e l&#8217;impero persiano, che aveva tentato di espandersi in Europa.<\/span><br \/>\n<span style=\"font-size: 14pt;\">La battaglia delle Termopili: inizi\u00f2 nel 480 a.C. un piccolo esercito greco guidato da Leonida I di Sparta, dove tentarono di fermare l&#8217;avanzata persiana attraverso un passo di montagna chiamato Termopili, nonostante la resistenza i greci furono sconfitti ma ci\u00f2 diede alle citt\u00e0-stato il tempo di prepararsi alla difesa.<\/span><br \/>\n<span style=\"font-size: 14pt;\">La battaglia di Artemisio: inizi\u00f2 nel 480 a.C., in mare la flotta greca combatt\u00e9 contro i persiani ad Artemisio, le due battaglie Artemisio e Termopili si verificarono temporaneamente.<\/span><br \/>\n<span style=\"font-size: 14pt;\">La battaglia di Salamina: iniziata nel 480 a.C., la flotta greca comandata da Temistocle di Atene diede una lezione ai Persiani nelle acque di Salamina. questa vittoria fu cruciale per cambiare le sorti della guerra.<\/span><br \/>\n<span style=\"font-size: 14pt;\">La battaglia della Platea e la battaglia di Micale iniziarono nel 479 a.C., i Greci dopo molti scontri riuscirono a respingere l&#8217;invasione persiana.<\/span><br \/>\n<span style=\"font-size: 14pt;\">Le vittorie ottenute dalla Grecia furono cruciali per difendere l&#8217;indipendenza delle citt\u00e0-stato greche, la guerra persiana \u00e8 considerata uno degli eventi chiave che hanno contribuito a plasmare la civilt\u00e0 occidentale.<\/span>[\/vc_column_text][\/vc_column][\/vc_row][\/vc_section]\n<\/div>","protected":false},"excerpt":{"rendered":"<p>[vc_row][vc_column][vc_column_text][\/vc_column_text][\/vc_column][\/vc_row][vc_section css=&#8221;.vc_custom_1710414455010{padding-right: 100px !important;padding-left: 100px !important;}&#8221;][vc_row][vc_column width=&#8221;2\/3&#8243;][vc_column_text css_animation=&#8221;none&#8221;]Nel mondo dei videogiochi la storia ha un ruolo fondamentale perch\u00e9 se sei una persona che si annoia con la storia, nei videogiochi sei pi\u00f9 concentrato perch\u00e9 devi completare missioni o scoprire nuovi posti o conquistare nazioni. Un gioco ambientato<\/p>\n","protected":false},"author":1,"featured_media":0,"parent":0,"menu_order":0,"comment_status":"closed","ping_status":"closed","template":"","meta":{"footnotes":""},"_links":{"self":[{"href":"https:\/\/ghost.dolphincity.it\/index.php?rest_route=\/wp\/v2\/pages\/436"}],"collection":[{"href":"https:\/\/ghost.dolphincity.it\/index.php?rest_route=\/wp\/v2\/pages"}],"about":[{"href":"https:\/\/ghost.dolphincity.it\/index.php?rest_route=\/wp\/v2\/types\/page"}],"author":[{"embeddable":true,"href":"https:\/\/ghost.dolphincity.it\/index.php?rest_route=\/wp\/v2\/users\/1"}],"replies":[{"embeddable":true,"href":"https:\/\/ghost.dolphincity.it\/index.php?rest_route=%2Fwp%2Fv2%2Fcomments&post=436"}],"version-history":[{"count":114,"href":"https:\/\/ghost.dolphincity.it\/index.php?rest_route=\/wp\/v2\/pages\/436\/revisions"}],"predecessor-version":[{"id":2201,"href":"https:\/\/ghost.dolphincity.it\/index.php?rest_route=\/wp\/v2\/pages\/436\/revisions\/2201"}],"wp:attachment":[{"href":"https:\/\/ghost.dolphincity.it\/index.php?rest_route=%2Fwp%2Fv2%2Fmedia&parent=436"}],"curies":[{"name":"wp","href":"https:\/\/api.w.org\/{rel}","templated":true}]}}