{"id":1446,"date":"2024-02-08T15:26:26","date_gmt":"2024-02-08T15:26:26","guid":{"rendered":"https:\/\/ghost.dolphincity.it\/?page_id=1446"},"modified":"2024-04-18T09:10:54","modified_gmt":"2024-04-18T09:10:54","slug":"news","status":"publish","type":"page","link":"https:\/\/ghost.dolphincity.it\/?page_id=1446","title":{"rendered":"NEWS"},"content":{"rendered":"<div class=\"wpb-content-wrapper\">[vc_row][vc_column]\n\t\t\t<!-- START banner_matrix_News REVOLUTION SLIDER 6.6.12 --><p class=\"rs-p-wp-fix\"><\/p>\n\t\t\t<rs-module-wrap id=\"rev_slider_16_1_wrapper\" data-source=\"gallery\" style=\"visibility:hidden;background:transparent;padding:0;margin:0px auto;margin-top:0;margin-bottom:0;\">\n\t\t\t\t<rs-module id=\"rev_slider_16_1\" style=\"\" data-version=\"6.6.12\">\n\t\t\t\t\t<rs-slides style=\"overflow: hidden; position: absolute;\">\n\t\t\t\t\t\t<rs-slide style=\"position: absolute;\" data-key=\"rs-16\" data-title=\"Slide\" data-anim=\"ms:1040;\" data-in=\"o:0;\" data-out=\"a:false;\">\n\t\t\t\t\t\t\t<img decoding=\"async\" src=\"\/\/ghost.dolphincity.it\/wp-content\/plugins\/revslider\/public\/assets\/assets\/dummy.png\" alt=\"Slide\" title=\"NEWS\" class=\"rev-slidebg tp-rs-img rs-lazyload\" data-lazyload=\"\/\/ghost.dolphincity.it\/wp-content\/plugins\/revslider\/public\/assets\/assets\/transparent.png\" data-no-retina>\n<!--\n\t\t\t\t\t\t\t--><rs-layer\n\t\t\t\t\t\t\t\tid=\"slider-16-slide-16-layer-0\" \n\t\t\t\t\t\t\t\tdata-type=\"image\"\n\t\t\t\t\t\t\t\tdata-rsp_ch=\"on\"\n\t\t\t\t\t\t\t\tdata-xy=\"x:1090px;y:221px;\"\n\t\t\t\t\t\t\t\tdata-text=\"w:normal;\"\n\t\t\t\t\t\t\t\tdata-dim=\"w:1329px;h:346px;\"\n\t\t\t\t\t\t\t\tdata-frame_999=\"o:0;st:w;\"\n\t\t\t\t\t\t\t\tstyle=\"z-index:9;\"\n\t\t\t\t\t\t\t><img fetchpriority=\"high\" decoding=\"async\" src=\"\/\/ghost.dolphincity.it\/wp-content\/plugins\/revslider\/public\/assets\/assets\/dummy.png\" alt=\"\" class=\"tp-rs-img rs-lazyload\" width=\"1920\" height=\"500\" data-lazyload=\"\/\/ghost.dolphincity.it\/wp-content\/uploads\/2024\/02\/News.png\" data-no-retina> \n\t\t\t\t\t\t\t<\/rs-layer><!--\n\n\t\t\t\t\t\t\t--><rs-layer\n\t\t\t\t\t\t\t\tid=\"slider-16-slide-16-layer-1\" \n\t\t\t\t\t\t\t\tdata-type=\"shape\"\n\t\t\t\t\t\t\t\tdata-rsp_ch=\"on\"\n\t\t\t\t\t\t\t\tdata-xy=\"x:2px;y:-127px;\"\n\t\t\t\t\t\t\t\tdata-text=\"w:normal;\"\n\t\t\t\t\t\t\t\tdata-dim=\"w:2192px;h:820px;\"\n\t\t\t\t\t\t\t\tdata-frame_999=\"o:0;st:w;\"\n\t\t\t\t\t\t\t\tstyle=\"z-index:7;background-color:rgba(0,0,0,0.5);\"\n\t\t\t\t\t\t\t> \n\t\t\t\t\t\t\t<\/rs-layer><!--\n\n\t\t\t\t\t\t\t--><rs-layer\n\t\t\t\t\t\t\t\tid=\"slider-16-slide-16-layer-6\" \n\t\t\t\t\t\t\t\tdata-type=\"image\"\n\t\t\t\t\t\t\t\tdata-rsp_ch=\"on\"\n\t\t\t\t\t\t\t\tdata-xy=\"x:-17px;y:34px;\"\n\t\t\t\t\t\t\t\tdata-text=\"w:normal;\"\n\t\t\t\t\t\t\t\tdata-dim=\"w:425px;h:425px;\"\n\t\t\t\t\t\t\t\tdata-frame_999=\"o:0;st:w;\"\n\t\t\t\t\t\t\t\tstyle=\"z-index:8;\"\n\t\t\t\t\t\t\t><img decoding=\"async\" src=\"\/\/ghost.dolphincity.it\/wp-content\/plugins\/revslider\/public\/assets\/assets\/dummy.png\" alt=\"\" class=\"tp-rs-img rs-lazyload\" width=\"500\" height=\"500\" data-lazyload=\"\/\/ghost.dolphincity.it\/wp-content\/uploads\/2024\/02\/terschio-ghost.png\" data-no-retina> \n\t\t\t\t\t\t\t<\/rs-layer><!--\n\n\t\t\t\t\t\t\t--><rs-layer\n\t\t\t\t\t\t\t\tid=\"slider-16-slide-16-layer-15\" \n\t\t\t\t\t\t\t\tclass=\"rs-layer-video intrinsic-ignore\"\n\t\t\t\t\t\t\t\tdata-type=\"video\"\n\t\t\t\t\t\t\t\tdata-rsp_ch=\"on\"\n\t\t\t\t\t\t\t\tdata-xy=\"x:-4px;y:-387px;\"\n\t\t\t\t\t\t\t\tdata-text=\"w:normal;\"\n\t\t\t\t\t\t\t\tdata-dim=\"w:2158px;h:1214px;\"\n\t\t\t\t\t\t\t\tdata-video=\"vfc:true;vd:100;l:false;ptimer:false;\"\n\t\t\t\t\t\t\t\tdata-poster=\"\/\/ghost.dolphincity.it\/wp-content\/uploads\/revslider\/video-media\/matrix_back_3_layer.jpeg\"\n\t\t\t\t\t\t\t\tdata-mp4=\"\/\/ghost.dolphincity.it\/wp-content\/uploads\/2024\/02\/matrix_back.mp4\"\n\t\t\t\t\t\t\t\tdata-frame_999=\"o:0;st:w;\"\n\t\t\t\t\t\t\t\tstyle=\"z-index:6;\"\n\t\t\t\t\t\t\t>\n\t\t\t\t\t\t\t<\/rs-layer><!--\n-->\t\t\t\t\t\t<\/rs-slide>\n\t\t\t\t\t<\/rs-slides>\n\t\t\t\t<\/rs-module>\n\t\t\t\t<script>\n\t\t\t\t\tsetREVStartSize({c: 'rev_slider_16_1',rl:[1240,1024,778,480],el:[500],gw:[1920],gh:[500],type:'standard',justify:'',layout:'fullwidth',mh:\"0\"});if (window.RS_MODULES!==undefined && window.RS_MODULES.modules!==undefined && window.RS_MODULES.modules[\"revslider161\"]!==undefined) {window.RS_MODULES.modules[\"revslider161\"].once = false;window.revapi16 = undefined;if (window.RS_MODULES.checkMinimal!==undefined) window.RS_MODULES.checkMinimal()}\n\t\t\t\t<\/script>\n\t\t\t<\/rs-module-wrap>\n\t\t\t<!-- END REVOLUTION SLIDER -->\n[vc_separator color=&#8221;white&#8221;][\/vc_column][\/vc_row][vc_row][vc_column width=&#8221;1\/2&#8243;][vc_single_image image=&#8221;2181&#8243; img_size=&#8221;full&#8221; alignment=&#8221;center&#8221; css_animation=&#8221;top-to-bottom&#8221;][vc_separator color=&#8221;white&#8221;][vc_column_text]\n<div><span style=\"font-size: 14pt;\">La modalit\u00e0 pi\u00f9 famosa, che ha in quest\u2019ultimo periodo spopolato in Italia e non solo, \u00e8 la modalit\u00e0 del\u00a0RolePlay, ovvero una tecnica simulativa che richiede ai partecipanti di svolgere, per un tempo limitato, il ruolo di \u201cattori\u201d, di rappresentare cio\u00e8 alcuni ruoli in interazione tra loro.\u200b<\/span><\/div>\n<div><\/div>\n<div><span style=\"font-size: 14pt;\">Le caratteristiche di questa tecnica forniscono molteplici stimoli all&#8217;apprendimento attraverso l&#8217;imitazione, l&#8217;azione, l&#8217;osservazione del comportamento degli altri ed i commenti ricevuti sul proprio, attraverso l&#8217;analisi dell&#8217;intero processo.\u200b<\/span><\/div>\n<p><span style=\"font-size: 14pt;\"><span style=\"font-family: georgia, palatino, serif;\">\u00a0<\/span>Un server esempio dove l\u2019utenza passa ore ed ore a conversare e a creare situazioni improbabili, \u00e8 il server \u201cTu vu\u00f2 fa l\u2019americano\u201d, riaperto dopo tanto tempo sotto nuova gestione e nuovo aspetto.\u200b<\/span><\/p>\n<div><span style=\"font-size: 14pt;\">L\u2019amministrazione del server risulta talvolta professionale e preparata, pronta ad aiutare l\u2019utenza su qualsiasi problema vi si presenti d\u2019avanti. Il team di programmatori del server \u00e8 efficiente e preparato, capace quindi di produrre script personalizzati in pochissimo tempo.\u200b<\/span><\/div>\n<div><span style=\"font-size: 14pt;\">Il server inoltre, ha implementato da pochissimo una novit\u00e0, che pochissimi server\u00a0RolePlayhanno, ovvero delle sessioni di \u201c<i>RolePlay teaching<\/i>\u201d: i giocatori pi\u00f9 esperti, non solo nel campo\u00a0<i>RolePlay<strong>\u00a0<\/strong><\/i><strong>su\u00a0FiveM,<\/strong> metteranno a disposizione il proprio tempo per insegnare a tutti i giocatori della community Italiana, come fare in modo corretto, coerente e, soprattutto, divertente\u00a0<i>RolePlay\u00a0<\/i>su\u00a0GTAV.\u200b<\/span><\/div>\n<div><\/div>\n<div><span style=\"font-size: 14pt;\">La dolphin gaming sta creando un progetto e una citt\u00e0 su fivem per gli alunni delle scuole.<\/span><\/div>\n<div><\/div>\n<div><span style=\"font-size: 14pt;\">nella citt\u00e0 della dolphin e possibile comprare auto andare a scuola e anche guadagnare soldi in gioco prendendo delle valutazioni buone a scuola e invece se si prendono delle valutazioni basse il contario ovvero scalano soldi che hai guadagnao prendendo bei voti.<\/span><\/div>\n<div><\/div>\n<div><span style=\"font-size: 14pt;\">Nella citt\u00e0 ci saranno dei vari team per ogni scuola, ogni team avr\u00e0 una casa e potr\u00e0 scegliere una macchina appunto per il team con livree personalizzate create da loro.<\/span><\/div>\n[\/vc_column_text][\/vc_column][vc_column width=&#8221;1\/2&#8243;][vc_column_text]<span style=\"font-size: 14pt; font-family: georgia, palatino, serif;\">FiveM \u00e8 una mod client sviluppata da un team di modders esterni del celeberrimo gioco GTA V firmato Rockstar Games che consente di creare una vita virtuale a seconda dei gusti e della discrezione del fruitore.\u00a0<\/span><\/p>\n<div><span style=\"font-size: 14pt;\">Molti utenti spesso mi chiedono cosa sia\u00a0<i>FiveM\u00a0<\/i>e come effettivamente questa piattaforma funzioni. Oggi quindi il sottoscritto\u00a0zThundy, in collaborazione con la community\u00a0Rload.eu, \u00e8 qui per spiegare in tutto e per tutto come questa modifica di gioco sia diventata cos\u00ec importante e cos\u00ec giocata\u00a0<i>in tutta italia<\/i>.\u200b<\/span><\/div>\n<p><span style=\"font-size: 14pt; font-family: georgia, palatino, serif;\">\u00a0<\/span><span style=\"font-size: 14pt;\">Iniziamo subito quindi con il capire cosa sia\u00a0<i>FiveM\u00a0<\/i>e come funzioni nell\u2019effettivo:\u200b<\/span><\/p>\n<p><span style=\"font-size: 14pt; font-family: georgia, palatino, serif;\">\u00a0<\/span><span style=\"font-size: 14pt;\"><i>FiveM\u00a0<\/i>\u00e8 una modifica del famosissimo titolo\u00a0\u201cGrand Theft Auto V\u201d\u00a0che ti permette di giocare in server dedicati multiplayer\u00a0<i>creati dagli stessi utenti<\/i>; a questo proposito i server privati possono infatti avere installate modalit\u00e0 personalizzate, automobili create dall\u2019utenza, armi che in gioco non potresti trovare normalmente, componenti della mappa di GTA sostituite o aggiunte, e tantissimo altro!\u200b<\/span><\/p>\n<p><span style=\"font-size: 14pt;\">Gli sviluppatori di\u00a0<i>FiveM\u00a0<\/i>hanno infatti lasciato la libert\u00e0 all\u2019utenza della piattaforma stessa, di poter creare, tramite aggiunte al codice del gioco, denominate anche come \u201cscript\u201d, molte modalit\u00e0 differenti che su\u00a0<i>GTAV\u00a0<\/i>non si possono in alcun modo trovare, invogliando quindi l\u2019utente medio a provare la suddetta \u201cMOD\u201d.\u200b<\/span><\/p>\n<div><\/div>\n[\/vc_column_text][vc_separator color=&#8221;white&#8221;][vc_separator color=&#8221;white&#8221;][vc_separator color=&#8221;white&#8221;][vc_separator color=&#8221;white&#8221;][vc_video link=&#8221;https:\/\/www.youtube.com\/watch?v=cqqW_pq0SYo&#8221; css_animation=&#8221;bottom-to-top&#8221;][\/vc_column][\/vc_row][vc_row][vc_column][vc_video link=&#8221;https:\/\/www.youtube.com\/watch?v=QkkoHAzjnUs&#8221; align=&#8221;center&#8221; css_animation=&#8221;bottom-to-top&#8221;][\/vc_column][\/vc_row]\n<\/div>","protected":false},"excerpt":{"rendered":"<p>[vc_row][vc_column][vc_separator color=&#8221;white&#8221;][\/vc_column][\/vc_row][vc_row][vc_column width=&#8221;1\/2&#8243;][vc_single_image image=&#8221;2181&#8243; img_size=&#8221;full&#8221; alignment=&#8221;center&#8221; css_animation=&#8221;top-to-bottom&#8221;][vc_separator color=&#8221;white&#8221;][vc_column_text] La modalit\u00e0 pi\u00f9 famosa, che ha in quest\u2019ultimo periodo spopolato in Italia e non solo, \u00e8 la modalit\u00e0 del\u00a0RolePlay, ovvero una tecnica simulativa che richiede ai partecipanti di svolgere, per un tempo limitato, il ruolo di \u201cattori\u201d, di rappresentare<\/p>\n","protected":false},"author":1,"featured_media":0,"parent":0,"menu_order":0,"comment_status":"closed","ping_status":"closed","template":"","meta":{"footnotes":""},"_links":{"self":[{"href":"https:\/\/ghost.dolphincity.it\/index.php?rest_route=\/wp\/v2\/pages\/1446"}],"collection":[{"href":"https:\/\/ghost.dolphincity.it\/index.php?rest_route=\/wp\/v2\/pages"}],"about":[{"href":"https:\/\/ghost.dolphincity.it\/index.php?rest_route=\/wp\/v2\/types\/page"}],"author":[{"embeddable":true,"href":"https:\/\/ghost.dolphincity.it\/index.php?rest_route=\/wp\/v2\/users\/1"}],"replies":[{"embeddable":true,"href":"https:\/\/ghost.dolphincity.it\/index.php?rest_route=%2Fwp%2Fv2%2Fcomments&post=1446"}],"version-history":[{"count":16,"href":"https:\/\/ghost.dolphincity.it\/index.php?rest_route=\/wp\/v2\/pages\/1446\/revisions"}],"predecessor-version":[{"id":2205,"href":"https:\/\/ghost.dolphincity.it\/index.php?rest_route=\/wp\/v2\/pages\/1446\/revisions\/2205"}],"wp:attachment":[{"href":"https:\/\/ghost.dolphincity.it\/index.php?rest_route=%2Fwp%2Fv2%2Fmedia&parent=1446"}],"curies":[{"name":"wp","href":"https:\/\/api.w.org\/{rel}","templated":true}]}}