{"id":114,"date":"2023-12-12T09:11:50","date_gmt":"2023-12-12T09:11:50","guid":{"rendered":"https:\/\/ghost.dolphincity.it\/?page_id=114"},"modified":"2024-04-18T09:07:47","modified_gmt":"2024-04-18T09:07:47","slug":"economia","status":"publish","type":"page","link":"https:\/\/ghost.dolphincity.it\/?page_id=114","title":{"rendered":"Economia"},"content":{"rendered":"<div class=\"wpb-content-wrapper\">[vc_row][vc_column]\n\t\t\t<!-- START banner_matrix_economia REVOLUTION SLIDER 6.6.12 --><p class=\"rs-p-wp-fix\"><\/p>\n\t\t\t<rs-module-wrap id=\"rev_slider_7_1_wrapper\" data-source=\"gallery\" style=\"visibility:hidden;background:transparent;padding:0;margin:0px auto;margin-top:0;margin-bottom:0;\">\n\t\t\t\t<rs-module id=\"rev_slider_7_1\" style=\"\" data-version=\"6.6.12\">\n\t\t\t\t\t<rs-slides style=\"overflow: hidden; position: absolute;\">\n\t\t\t\t\t\t<rs-slide style=\"position: absolute;\" data-key=\"rs-7\" data-title=\"Slide\" data-anim=\"ms:1040;\" data-in=\"o:0;\" data-out=\"a:false;\">\n\t\t\t\t\t\t\t<img decoding=\"async\" src=\"\/\/ghost.dolphincity.it\/wp-content\/plugins\/revslider\/public\/assets\/assets\/dummy.png\" alt=\"Slide\" title=\"Economia\" class=\"rev-slidebg tp-rs-img rs-lazyload\" data-lazyload=\"\/\/ghost.dolphincity.it\/wp-content\/plugins\/revslider\/public\/assets\/assets\/transparent.png\" data-no-retina>\n<!--\n\t\t\t\t\t\t\t--><rs-layer\n\t\t\t\t\t\t\t\tid=\"slider-7-slide-7-layer-0\" \n\t\t\t\t\t\t\t\tdata-type=\"image\"\n\t\t\t\t\t\t\t\tdata-rsp_ch=\"on\"\n\t\t\t\t\t\t\t\tdata-xy=\"x:950px;y:221px;\"\n\t\t\t\t\t\t\t\tdata-text=\"w:normal;\"\n\t\t\t\t\t\t\t\tdata-dim=\"w:1329px;h:346px;\"\n\t\t\t\t\t\t\t\tdata-frame_999=\"o:0;st:w;\"\n\t\t\t\t\t\t\t\tstyle=\"z-index:9;\"\n\t\t\t\t\t\t\t><img fetchpriority=\"high\" decoding=\"async\" src=\"\/\/ghost.dolphincity.it\/wp-content\/plugins\/revslider\/public\/assets\/assets\/dummy.png\" alt=\"\" class=\"tp-rs-img rs-lazyload\" width=\"1920\" height=\"500\" data-lazyload=\"\/\/ghost.dolphincity.it\/wp-content\/uploads\/2024\/02\/1-economia.png\" data-no-retina> \n\t\t\t\t\t\t\t<\/rs-layer><!--\n\n\t\t\t\t\t\t\t--><rs-layer\n\t\t\t\t\t\t\t\tid=\"slider-7-slide-7-layer-1\" \n\t\t\t\t\t\t\t\tdata-type=\"shape\"\n\t\t\t\t\t\t\t\tdata-rsp_ch=\"on\"\n\t\t\t\t\t\t\t\tdata-xy=\"x:-1px;y:-57px;\"\n\t\t\t\t\t\t\t\tdata-text=\"w:normal;\"\n\t\t\t\t\t\t\t\tdata-dim=\"w:1929px;h:626px;\"\n\t\t\t\t\t\t\t\tdata-frame_999=\"o:0;st:w;\"\n\t\t\t\t\t\t\t\tstyle=\"z-index:7;background-color:rgba(0,0,0,0.5);\"\n\t\t\t\t\t\t\t> \n\t\t\t\t\t\t\t<\/rs-layer><!--\n\n\t\t\t\t\t\t\t--><a\n\t\t\t\t\t\t\t\tid=\"slider-7-slide-7-layer-2\" \n\t\t\t\t\t\t\t\tclass=\"rs-layer\"\n\t\t\t\t\t\t\t\thref=\"https:\/\/ghost.dolphincity.it\/economia\/\" target=\"_self\"\n\t\t\t\t\t\t\t\tdata-type=\"shape\"\n\t\t\t\t\t\t\t\tdata-rsp_ch=\"on\"\n\t\t\t\t\t\t\t\tdata-xy=\"x:-2px;\"\n\t\t\t\t\t\t\t\tdata-text=\"w:normal;\"\n\t\t\t\t\t\t\t\tdata-dim=\"w:2155px;h:506;\"\n\t\t\t\t\t\t\t\tdata-frame_999=\"o:0;st:w;\"\n\t\t\t\t\t\t\t\tstyle=\"z-index:10;background-color:rgba(0,0,0,0);\"\n\t\t\t\t\t\t\t> \n\t\t\t\t\t\t\t<\/a><!--\n\n\t\t\t\t\t\t\t--><rs-layer\n\t\t\t\t\t\t\t\tid=\"slider-7-slide-7-layer-6\" \n\t\t\t\t\t\t\t\tdata-type=\"image\"\n\t\t\t\t\t\t\t\tdata-rsp_ch=\"on\"\n\t\t\t\t\t\t\t\tdata-xy=\"x:-17px;y:34px;\"\n\t\t\t\t\t\t\t\tdata-text=\"w:normal;\"\n\t\t\t\t\t\t\t\tdata-dim=\"w:425px;h:425px;\"\n\t\t\t\t\t\t\t\tdata-frame_999=\"o:0;st:w;\"\n\t\t\t\t\t\t\t\tstyle=\"z-index:8;\"\n\t\t\t\t\t\t\t><img decoding=\"async\" src=\"\/\/ghost.dolphincity.it\/wp-content\/plugins\/revslider\/public\/assets\/assets\/dummy.png\" alt=\"\" class=\"tp-rs-img rs-lazyload\" width=\"500\" height=\"500\" data-lazyload=\"\/\/ghost.dolphincity.it\/wp-content\/uploads\/2024\/02\/terschio-ghost.png\" data-no-retina> \n\t\t\t\t\t\t\t<\/rs-layer><!--\n\n\t\t\t\t\t\t\t--><rs-layer\n\t\t\t\t\t\t\t\tid=\"slider-7-slide-7-layer-15\" \n\t\t\t\t\t\t\t\tclass=\"rs-layer-video intrinsic-ignore\"\n\t\t\t\t\t\t\t\tdata-type=\"video\"\n\t\t\t\t\t\t\t\tdata-rsp_ch=\"on\"\n\t\t\t\t\t\t\t\tdata-xy=\"x:-4px;y:-387px;\"\n\t\t\t\t\t\t\t\tdata-text=\"w:normal;\"\n\t\t\t\t\t\t\t\tdata-dim=\"w:2158px;h:1214px;\"\n\t\t\t\t\t\t\t\tdata-video=\"vfc:true;vd:100;l:false;ptimer:false;\"\n\t\t\t\t\t\t\t\tdata-poster=\"\/\/ghost.dolphincity.it\/wp-content\/uploads\/revslider\/video-media\/matrix_back_3_layer.jpeg\"\n\t\t\t\t\t\t\t\tdata-mp4=\"\/\/ghost.dolphincity.it\/wp-content\/uploads\/2024\/02\/matrix_back.mp4\"\n\t\t\t\t\t\t\t\tdata-frame_999=\"o:0;st:w;\"\n\t\t\t\t\t\t\t\tstyle=\"z-index:6;\"\n\t\t\t\t\t\t\t>\n\t\t\t\t\t\t\t<\/rs-layer><!--\n-->\t\t\t\t\t\t<\/rs-slide>\n\t\t\t\t\t<\/rs-slides>\n\t\t\t\t<\/rs-module>\n\t\t\t\t<script>\n\t\t\t\t\tsetREVStartSize({c: 'rev_slider_7_1',rl:[1240,1024,778,480],el:[500],gw:[1920],gh:[500],type:'standard',justify:'',layout:'fullwidth',mh:\"0\"});if (window.RS_MODULES!==undefined && window.RS_MODULES.modules!==undefined && window.RS_MODULES.modules[\"revslider71\"]!==undefined) {window.RS_MODULES.modules[\"revslider71\"].once = false;window.revapi7 = undefined;if (window.RS_MODULES.checkMinimal!==undefined) window.RS_MODULES.checkMinimal()}\n\t\t\t\t<\/script>\n\t\t\t<\/rs-module-wrap>\n\t\t\t<!-- END REVOLUTION SLIDER -->\n[\/vc_column][\/vc_row][vc_row][vc_column css=&#8221;.vc_custom_1710407711952{padding-right: 100px !important;padding-left: 100px !important;}&#8221;][vc_column_text css_animation=&#8221;none&#8221;]\n<h3><span style=\"font-size: 24pt; font-family: georgia, palatino, serif;\">Economia e informatica: Due mondi conciliabili<\/span><\/h3>\n[\/vc_column_text][vc_column_text][\/vc_column_text][\/vc_column][\/vc_row][vc_row][vc_column css=&#8221;.vc_custom_1710407716245{padding-right: 100px !important;padding-left: 100px !important;}&#8221;][vc_column_text css_animation=&#8221;none&#8221;]<span style=\"font-size: 14pt;\">Secondo uno studio condotto da McAfee, il costo monetario dei crimini informatici nel 2020 \u00e8 stimato pari a circa 945 miliardi di dollari, equivalenti a poco pi\u00f9 dell&#8217;1 per cento del Pil mondiale. Se si considerano anche le spese in sicurezza informatica, il costo stimato sale a un trilione di dollari. Rispetto al 2018, si registra quindi un aumento di pi\u00f9 del 50 per cento e la tendenza non \u00e8 destinata a esaurirsi. Tuttavia, McAfee potrebbe sottostimare l\u2019impatto economico di questi crimini. Per Cybersecurity Ventures, infatti, il costo annuo globale sarebbe stato pari a 3 trilioni di dollari nel 2015 e 6 trilioni nel 2021. Secondo tali previsioni, le perdite legate ai crimini informatici arriverebbero a 8 trilioni di dollari nel 2023 e a 10,5 trilioni nel 2025.<\/span><br \/>\n<span style=\"font-size: 14pt;\">Per molti, la migliore invenzione della storia insieme a Internet. L\u2019informatica \u00e8 senza dubbio l\u2019invenzione che ha avuto il maggior impatto sul mondo moderno al di sopra di quasi tutto, dal suo aspetto,\u00a0abbiamo avanzato alla scoperta in tutti i settori\u00a0.<\/span><br \/>\n<span style=\"font-size: 14pt;\">Tuttavia, per molti \u00e8 un po \u2018complicato capire i loro concetti, ma la realt\u00e0 \u00e8 che non \u00e8 cos\u00ec tanto. Come ogni professione, ci sono livelli disponibili solo per i professionisti, ma ce ne sono altri che chiunque pu\u00f2 imparare come cultura generale.<\/span>[\/vc_column_text][\/vc_column][\/vc_row][vc_row][vc_column css=&#8221;.vc_custom_1710416478095{padding-right: 100px !important;padding-left: 100px !important;}&#8221;][vc_column_text css_animation=&#8221;none&#8221;]\n<h3><span style=\"font-size: 24pt; font-family: georgia, palatino, serif;\">Informatica e Sviluppo<\/span><\/h3>\n[\/vc_column_text][vc_column_text css_animation=&#8221;none&#8221;]<span style=\"font-size: 14pt;\">La difficolt\u00e0 che ogni societ\u00e0 avanzata si trova di fronte in questo decennio \u00e8 quella di rispondere alla sfida della competitivit\u00e0 che viene posta dalla globalizzazione dei mercati salvaguardando al tempo stesso la sostenibilit\u00e0 sociale ed ambientale dello sviluppo economico. In particolare nei settori della sanit\u00e0, dell\u2019energia, dell\u2019ambiente, e dei trasporti la societ\u00e0 si aspetta soluzioni efficaci ai complicati problemi posti dalla necessit\u00e0 di coniugare crescita e protezione delle fasce pi\u00f9 deboli. La Commissione Europea (programma i2010) ha identificato l\u2019informatica come un settore strategico per la crescita economica dell\u2019Unione Europea, sia in quanto tale che nel suo ruolo di supporto agli altri settori economici. Si parla infatti dell\u2019informatica come di elemento costitutivo per lo sviluppo economico, intendendo con ci\u00f2 che essa non \u00e8 solo una tecnologia abilitante, che gioca cio\u00e8 il ruolo di strumento facilitatore, ma che \u00e8 parte essenziale dello sviluppo stesso, a causa della sua capacit\u00e0 di aggregare efficacemente e supportare con efficienza la catena di produzione del valore. Essa offre inoltre l\u2019opportunit\u00e0 di personalizzare servizi e prodotti ad un livello impossibile da raggiungere sino ad ora, per i vincoli economici derivanti da un tale obiettivo. Senza un adeguato livello di investimenti nell\u2019informatica non si verifica pertanto solo una sofferenza di questo settore ma \u00e8 il futuro sviluppo dell\u2019intera economia che viene messo a rischio, dal momento che l\u2019informatica \u00e8 essenziale per vincere le sfide economiche e sociali della globalizzazione. Nel settore dell\u2019informatica, le componenti critiche per lo sviluppo economico \u2013 perch\u00e9 suscettibili di fornire il maggior incremento di valore \u2013 sono quelle del software (i programmi eseguiti dai calcolatori) e dei servizi ad esso legati (consulenza, sviluppo, In questo articolo ti mostreremo quali sono i concetti e i termini principali che dovresti conoscere sull\u2019informatica di base\u00a0, in modo che tu possa avere una conversazione sull\u2019argomento con qualsiasi altra persona, oltre ad arricchire la tua biblioteca di conoscenze mentali.<\/span>[\/vc_column_text][vc_column_text css_animation=&#8221;none&#8221;]<span style=\"font-size: 14pt;\">Tra i settori digitali che sembrano non aver subito contraccolpi dopo il ritorno alla \u201cnormalit\u00e0\u201d a seguito della pandemia, c&#8217;\u00e8 quello dei videogame. L&#8217;industria, esplosa nel 2020, primo anno del lockdown, \u00e8 in crescita costante. Stando alle ultime rilevazioni di Klecha &amp; Co., investement bank paneuropea indipendente, specializzata sul tech, il segmento del gaming vale 336 miliardi di dollari, con stime di crescita del +9,2% a valore, ossia 522 miliardi di dollari entro il 2027. Prendendo in esame il pre e post Covid, i videogame su Pc, console e dispositivi mobili, sono stati in grado di passare da un valore di 219 miliardi di dollari del 2019 ad uno attuale di 385 miliardi, in uno scenario che vedr\u00e0 un&#8217;ascesa, per gli analisti del +11,5% Cagr in meno di un decennio.<\/span>[\/vc_column_text][\/vc_column][\/vc_row][vc_row][vc_column css=&#8221;.vc_custom_1710407737194{padding-right: 100px !important;padding-left: 100px !important;}&#8221;][vc_column_text css_animation=&#8221;none&#8221;]\n<h3><span style=\"font-size: 24pt; font-family: georgia, palatino, serif;\">Quanto fattura il mondo dei videogiochi?<\/span><\/h3>\n[\/vc_column_text][vc_column_text css_animation=&#8221;none&#8221;]<span style=\"font-size: 14pt;\">Il mondo del gaming sta vivendo un momento di forte espansione, tanto da essersi affermato come la principale industria culturale al mondo. Secondo il report PwC, il fatturato mondiale del gaming raggiunger\u00e0 i\u00a0323,5 miliardi di dollari nel 2026, superando i 3 miliardi di giocatori.<\/span>[\/vc_column_text][\/vc_column][\/vc_row][vc_section css=&#8221;.vc_custom_1710413888825{padding-right: 100px !important;padding-left: 100px !important;}&#8221;][vc_row][vc_column width=&#8221;1\/2&#8243;][vc_column_text css_animation=&#8221;none&#8221;]\n<h3><span style=\"font-size: 24pt; font-family: georgia, palatino, serif;\">Qual \u00e8 stato il primo videogioco in Italia?<\/span><\/h3>\n[\/vc_column_text][vc_column_text css_animation=&#8221;none&#8221;]<span style=\"font-size: 14pt;\">Pong (stilizzato PONG) \u00e8\u00a0uno dei\u00a0primi videogiochi\u00a0commercializzati, prodotto dalla Atari come arcade nel 1972\u00a0e\u00a0come console dedicata nel 1975. \u0116 un simulatore di ping-pong (da cui il nome &#8220;PONG&#8221;), dalla grafica estremamente semplificata in bianco\u00a0e\u00a0nero.<\/span><br \/>\n<span style=\"font-size: 14pt;\">Pong \u00e8 un videogioco sportivo bidimensionale che simula in modo molto semplificato il tennistavolo. Il giocatore controlla una racchetta sotto la forma di una barra bianca che pu\u00f2 muovere verticalmente lungo un lato dello schermo. \u00c8 possibile giocare in singolo contro il computer o a due giocatori. L&#8217;obiettivo del giocatore \u00e8 colpire una palla, simulata da un piccolo quadrato, e rispedirla all&#8217;altra racchetta: il giocatore che non riesce a rispedire la palla concede un punto al suo avversario.\u00a0La palla si muove con moto rettilineo uniforme e pu\u00f2 rimbalzare sui lati superiore e inferiore dello schermo.<\/span>[\/vc_column_text][\/vc_column][vc_column width=&#8221;1\/2&#8243;][vc_video link=&#8221;https:\/\/www.youtube.com\/watch?v=uCqIkgFKHr4&#8243; align=&#8221;center&#8221; css_animation=&#8221;rotateInUpRight&#8221;][\/vc_column][\/vc_row][\/vc_section]\n<\/div>","protected":false},"excerpt":{"rendered":"<p>[vc_row][vc_column][\/vc_column][\/vc_row][vc_row][vc_column css=&#8221;.vc_custom_1710407711952{padding-right: 100px !important;padding-left: 100px !important;}&#8221;][vc_column_text css_animation=&#8221;none&#8221;] Economia e informatica: Due mondi conciliabili [\/vc_column_text][vc_column_text][\/vc_column_text][\/vc_column][\/vc_row][vc_row][vc_column css=&#8221;.vc_custom_1710407716245{padding-right: 100px !important;padding-left: 100px !important;}&#8221;][vc_column_text css_animation=&#8221;none&#8221;]Secondo uno studio condotto da McAfee, il costo monetario dei crimini informatici nel 2020 \u00e8 stimato pari a circa 945 miliardi di dollari, equivalenti a poco pi\u00f9 dell&#8217;1<\/p>\n","protected":false},"author":1,"featured_media":0,"parent":0,"menu_order":0,"comment_status":"closed","ping_status":"closed","template":"","meta":{"footnotes":""},"_links":{"self":[{"href":"https:\/\/ghost.dolphincity.it\/index.php?rest_route=\/wp\/v2\/pages\/114"}],"collection":[{"href":"https:\/\/ghost.dolphincity.it\/index.php?rest_route=\/wp\/v2\/pages"}],"about":[{"href":"https:\/\/ghost.dolphincity.it\/index.php?rest_route=\/wp\/v2\/types\/page"}],"author":[{"embeddable":true,"href":"https:\/\/ghost.dolphincity.it\/index.php?rest_route=\/wp\/v2\/users\/1"}],"replies":[{"embeddable":true,"href":"https:\/\/ghost.dolphincity.it\/index.php?rest_route=%2Fwp%2Fv2%2Fcomments&post=114"}],"version-history":[{"count":52,"href":"https:\/\/ghost.dolphincity.it\/index.php?rest_route=\/wp\/v2\/pages\/114\/revisions"}],"predecessor-version":[{"id":2197,"href":"https:\/\/ghost.dolphincity.it\/index.php?rest_route=\/wp\/v2\/pages\/114\/revisions\/2197"}],"wp:attachment":[{"href":"https:\/\/ghost.dolphincity.it\/index.php?rest_route=%2Fwp%2Fv2%2Fmedia&parent=114"}],"curies":[{"name":"wp","href":"https:\/\/api.w.org\/{rel}","templated":true}]}}