{"id":1103,"date":"2024-01-19T09:18:22","date_gmt":"2024-01-19T09:18:22","guid":{"rendered":"https:\/\/ghost.dolphincity.it\/?page_id=1103"},"modified":"2024-03-15T10:26:02","modified_gmt":"2024-03-15T10:26:02","slug":"musica","status":"publish","type":"page","link":"https:\/\/ghost.dolphincity.it\/?page_id=1103","title":{"rendered":"Musica"},"content":{"rendered":"<div class=\"wpb-content-wrapper\">[vc_row][vc_column]\n\t\t\t<!-- START banner_matrix_musica REVOLUTION SLIDER 6.6.12 --><p class=\"rs-p-wp-fix\"><\/p>\n\t\t\t<rs-module-wrap id=\"rev_slider_12_1_wrapper\" data-source=\"gallery\" style=\"visibility:hidden;background:transparent;padding:0;margin:0px auto;margin-top:0;margin-bottom:0;\">\n\t\t\t\t<rs-module id=\"rev_slider_12_1\" style=\"\" data-version=\"6.6.12\">\n\t\t\t\t\t<rs-slides style=\"overflow: hidden; position: absolute;\">\n\t\t\t\t\t\t<rs-slide style=\"position: absolute;\" data-key=\"rs-12\" data-title=\"Slide\" data-anim=\"ms:1040;\" data-in=\"o:0;\" data-out=\"a:false;\">\n\t\t\t\t\t\t\t<img decoding=\"async\" src=\"\/\/ghost.dolphincity.it\/wp-content\/plugins\/revslider\/public\/assets\/assets\/dummy.png\" alt=\"Slide\" title=\"Musica\" class=\"rev-slidebg tp-rs-img rs-lazyload\" data-lazyload=\"\/\/ghost.dolphincity.it\/wp-content\/plugins\/revslider\/public\/assets\/assets\/transparent.png\" data-no-retina>\n<!--\n\t\t\t\t\t\t\t--><rs-layer\n\t\t\t\t\t\t\t\tid=\"slider-12-slide-12-layer-0\" \n\t\t\t\t\t\t\t\tdata-type=\"image\"\n\t\t\t\t\t\t\t\tdata-rsp_ch=\"on\"\n\t\t\t\t\t\t\t\tdata-xy=\"x:1038px;y:224px;\"\n\t\t\t\t\t\t\t\tdata-text=\"w:normal;\"\n\t\t\t\t\t\t\t\tdata-dim=\"w:1329px;h:346px;\"\n\t\t\t\t\t\t\t\tdata-frame_999=\"o:0;st:w;\"\n\t\t\t\t\t\t\t\tstyle=\"z-index:9;\"\n\t\t\t\t\t\t\t><img fetchpriority=\"high\" decoding=\"async\" src=\"\/\/ghost.dolphincity.it\/wp-content\/plugins\/revslider\/public\/assets\/assets\/dummy.png\" alt=\"\" class=\"tp-rs-img rs-lazyload\" width=\"1920\" height=\"500\" data-lazyload=\"\/\/ghost.dolphincity.it\/wp-content\/uploads\/2024\/02\/musica.png\" data-no-retina> \n\t\t\t\t\t\t\t<\/rs-layer><!--\n\n\t\t\t\t\t\t\t--><rs-layer\n\t\t\t\t\t\t\t\tid=\"slider-12-slide-12-layer-1\" \n\t\t\t\t\t\t\t\tdata-type=\"shape\"\n\t\t\t\t\t\t\t\tdata-rsp_ch=\"on\"\n\t\t\t\t\t\t\t\tdata-xy=\"x:2px;y:-127px;\"\n\t\t\t\t\t\t\t\tdata-text=\"w:normal;\"\n\t\t\t\t\t\t\t\tdata-dim=\"w:2192px;h:820px;\"\n\t\t\t\t\t\t\t\tdata-frame_999=\"o:0;st:w;\"\n\t\t\t\t\t\t\t\tstyle=\"z-index:7;background-color:rgba(0,0,0,0.5);\"\n\t\t\t\t\t\t\t> \n\t\t\t\t\t\t\t<\/rs-layer><!--\n\n\t\t\t\t\t\t\t--><a\n\t\t\t\t\t\t\t\tid=\"slider-12-slide-12-layer-2\" \n\t\t\t\t\t\t\t\tclass=\"rs-layer\"\n\t\t\t\t\t\t\t\thref=\"https:\/\/ghost.dolphincity.it\/musica\/\" target=\"_self\"\n\t\t\t\t\t\t\t\tdata-type=\"shape\"\n\t\t\t\t\t\t\t\tdata-rsp_ch=\"on\"\n\t\t\t\t\t\t\t\tdata-xy=\"x:-4px;y:-1px;\"\n\t\t\t\t\t\t\t\tdata-text=\"w:normal;\"\n\t\t\t\t\t\t\t\tdata-dim=\"w:2157px;h:499px;\"\n\t\t\t\t\t\t\t\tdata-frame_999=\"o:0;st:w;\"\n\t\t\t\t\t\t\t\tstyle=\"z-index:10;background-color:rgba(0,0,0,0);\"\n\t\t\t\t\t\t\t> \n\t\t\t\t\t\t\t<\/a><!--\n\n\t\t\t\t\t\t\t--><rs-layer\n\t\t\t\t\t\t\t\tid=\"slider-12-slide-12-layer-6\" \n\t\t\t\t\t\t\t\tdata-type=\"image\"\n\t\t\t\t\t\t\t\tdata-rsp_ch=\"on\"\n\t\t\t\t\t\t\t\tdata-xy=\"x:-17px;y:34px;\"\n\t\t\t\t\t\t\t\tdata-text=\"w:normal;\"\n\t\t\t\t\t\t\t\tdata-dim=\"w:425px;h:425px;\"\n\t\t\t\t\t\t\t\tdata-frame_999=\"o:0;st:w;\"\n\t\t\t\t\t\t\t\tstyle=\"z-index:8;\"\n\t\t\t\t\t\t\t><img decoding=\"async\" src=\"\/\/ghost.dolphincity.it\/wp-content\/plugins\/revslider\/public\/assets\/assets\/dummy.png\" alt=\"\" class=\"tp-rs-img rs-lazyload\" width=\"500\" height=\"500\" data-lazyload=\"\/\/ghost.dolphincity.it\/wp-content\/uploads\/2024\/02\/terschio-ghost.png\" data-no-retina> \n\t\t\t\t\t\t\t<\/rs-layer><!--\n\n\t\t\t\t\t\t\t--><rs-layer\n\t\t\t\t\t\t\t\tid=\"slider-12-slide-12-layer-15\" \n\t\t\t\t\t\t\t\tclass=\"rs-layer-video intrinsic-ignore\"\n\t\t\t\t\t\t\t\tdata-type=\"video\"\n\t\t\t\t\t\t\t\tdata-rsp_ch=\"on\"\n\t\t\t\t\t\t\t\tdata-xy=\"x:-4px;y:-387px;\"\n\t\t\t\t\t\t\t\tdata-text=\"w:normal;\"\n\t\t\t\t\t\t\t\tdata-dim=\"w:2158px;h:1214px;\"\n\t\t\t\t\t\t\t\tdata-video=\"vfc:true;vd:100;l:false;ptimer:false;\"\n\t\t\t\t\t\t\t\tdata-poster=\"\/\/ghost.dolphincity.it\/wp-content\/uploads\/revslider\/video-media\/matrix_back_3_layer.jpeg\"\n\t\t\t\t\t\t\t\tdata-mp4=\"\/\/ghost.dolphincity.it\/wp-content\/uploads\/2024\/02\/matrix_back.mp4\"\n\t\t\t\t\t\t\t\tdata-frame_999=\"o:0;st:w;\"\n\t\t\t\t\t\t\t\tstyle=\"z-index:6;\"\n\t\t\t\t\t\t\t>\n\t\t\t\t\t\t\t<\/rs-layer><!--\n-->\t\t\t\t\t\t<\/rs-slide>\n\t\t\t\t\t<\/rs-slides>\n\t\t\t\t<\/rs-module>\n\t\t\t\t<script>\n\t\t\t\t\tsetREVStartSize({c: 'rev_slider_12_1',rl:[1240,1024,778,480],el:[499.969],gw:[1920],gh:[500],type:'standard',justify:'',layout:'fullwidth',mh:\"0\"});if (window.RS_MODULES!==undefined && window.RS_MODULES.modules!==undefined && window.RS_MODULES.modules[\"revslider121\"]!==undefined) {window.RS_MODULES.modules[\"revslider121\"].once = false;window.revapi12 = undefined;if (window.RS_MODULES.checkMinimal!==undefined) window.RS_MODULES.checkMinimal()}\n\t\t\t\t<\/script>\n\t\t\t<\/rs-module-wrap>\n\t\t\t<!-- END REVOLUTION SLIDER -->\n[vc_column_text][\/vc_column_text][\/vc_column][\/vc_row][vc_section css=&#8221;.vc_custom_1710415048089{padding-right: 100px !important;padding-left: 100px !important;}&#8221;][vc_row][vc_column width=&#8221;1\/2&#8243;][vc_column_text css_animation=&#8221;fadeInRightBig&#8221;]\n<h3><span style=\"font-size: 24pt; font-family: georgia, palatino, serif;\">La musica nei videogiochi<\/span><\/h3>\n[\/vc_column_text][vc_column_text css_animation=&#8221;fadeInLeftBig&#8221;]<span style=\"font-size: 14pt;\">La\u00a0musica nei videogiochi \u00e8 diventata nel tempo uno degli elementi imprescindibili che fissano nella mente di un giocatore emozioni e ricordi. Capace di condurre il giocatore durante l&#8217;intero sviluppo dell&#8217;azione e di creare sensazioni che perdurano anche dopo aver spento la console di gioco, la colonna sonora pu\u00f2 dirsi di successo quando rimane impressa anche a distanza di tempo.<\/span><br \/>\n<span style=\"font-size: 14pt;\">Chiunque possa fregiarsi del titolo di giocatore, da pochi minuti al giorno fino alle lunghe maratone che riempiono la notte e il giorno, difficilmente potr\u00e0 dimenticare alcune delle melodie che hanno fatto la storia dei videogames. Chi pu\u00f2 dimenticare l&#8217;onnipresente jingle saltellante di giochi come\u00a0Tetris\u00a0o\u00a0Super Mario Bros.\u00a0Di tutt&#8217;altra scuola si parla quando invece si cita l&#8217;intensa colonna sonora di\u00a0Final Fantasy,\u00a0The Legend of Zelda\u00a0o le note di\u00a0Halo: basta un accenno per ritornare con il cuore a quei momenti memorabili.<\/span>[\/vc_column_text][vc_column_text css_animation=&#8221;fadeInRightBig&#8221;]\n<h3 class=\"western\"><span style=\"font-size: 24pt;\">Colonne sonore dei videogiochi: i segreti del successo<\/span><\/h3>\n[\/vc_column_text][vc_column_text css_animation=&#8221;fadeInLeftBig&#8221;]<span style=\"font-size: 14pt;\">Ma qual \u00e8 il vero elemento intorno a cui un compositore di musica nei videogiochi deve riuscire a costruire la sua melodia? La risposta \u00e8 una e una soltanto: il gameplay. Sebbene questo elemento venga spesso utilizzato come sinonimo del termine italiano giocabilit\u00e0, il\u00a0gameplay\u00a0\u00e8 un concetto ampiamente pi\u00f9 vasto. Infatti, in esso viene racchiusa tutta la qualit\u00e0 dell&#8217;interazione del giocatore con il videogioco. Ad essa, si aggiunge poi anche la trama vera e propria del gioco mentre non ne fa parte l&#8217;altro elemento fondante, e gi\u00e0 citato, che invece \u00e8 solitamente il primo a carpire l&#8217;attenzione del giocatore: la grafica.<\/span><br \/>\n<span style=\"font-size: 14pt;\">A concordare su questa teoria \u00e8\u00a0Winifred Phillips, compositrice americana che si \u00e8 fatta le ossa con le musiche dei radio drammi della National Public Radio, e un passato meno remoto nella creazione di musiche per videogame a partire dal primo capitolo di\u00a0God of War\u00a0fino ad\u00a0Assassin&#8217;s Creed III: Liberation.<\/span>[\/vc_column_text][\/vc_column][vc_column width=&#8221;1\/2&#8243;][vc_video link=&#8221;https:\/\/www.youtube.com\/watch?v=y9hh91-2iaA&#8221; align=&#8221;center&#8221; css_animation=&#8221;flipInX&#8221;][vc_video link=&#8221;https:\/\/www.youtube.com\/watch?v=NmCCQxVBfyM&#8221; align=&#8221;center&#8221; css_animation=&#8221;flipInX&#8221;][\/vc_column][\/vc_row][\/vc_section][vc_row][vc_column css=&#8221;.vc_custom_1710417433161{padding-right: 100px !important;padding-left: 100px !important;}&#8221;][vc_column_text css_animation=&#8221;fadeInRightBig&#8221;]\n<h3 class=\"western\"><span style=\"font-size: 24pt; font-family: georgia, palatino, serif;\">L\u2019impatto della musica nel gaming: Come la colonna sonora pu\u00f2 trasmormare l&#8217;esperienza di gioco<\/span><\/h3>\n[\/vc_column_text][vc_column_text css_animation=&#8221;bounceInDown&#8221;]<span style=\"font-size: 14pt;\">La musica \u00e8 un elemento fondamentale nella nostra vita quotidiana, che influisce sul nostro umore e le nostre emozioni. Anche nel settore dei casin\u00f2 online e delle slot machine, la musica gioca un ruolo cruciale nell\u2019esperienza di gioco.<\/span><br \/>\n<span style=\"font-size: 14pt;\">La colonna sonora giusta pu\u00f2 creare un\u2019atmosfera emozionante, rendere le scene pi\u00f9 coinvolgenti e intensificare le emozioni del giocatore. Per esempio, in un titolo horror, una musica inquietante pu\u00f2 aumentare la tensione e far sentire il giocatore realmente spaventato. Al contrario, in un gioco d\u2019azione, la musica veloce e intensa pu\u00f2 rendere l\u2019esperienza pi\u00f9 eccitante e avvincente. Inoltre, la giusta colonna sonora pu\u00f2 anche creare un senso di coerenza e coesione nel gioco. In generale, la musica pu\u00f2 aiutare a definire il tema del gioco, creare un senso di progressione nella trama e aiutare a trasmettere l\u2019atmosfera del gioco.<\/span><br \/>\n<span style=\"font-size: 14pt;\">La scelta della colonna sonora giusta per una slot,\u00a0tema trattato anche nel marketing sensoriale, \u00e8 un processo importante e pu\u00f2 influire notevolmente sulla gaming experience dei giocatori. Innanzitutto, \u00e8 importante considerare il tema e l\u2019atmosfera del gioco. Il soundtrack deve essere in sintonia con l\u2019atmosfera e deve aiutare a creare l\u2019emozione giusta in ogni momento. Inoltre, \u00e8 importante scegliere una musica di sottofondo che sia varia e interessante. La ripetizione di una stessa musica pu\u00f2 diventare noiosa e fastidiosa per il giocatore.<\/span>[\/vc_column_text][vc_column_text]\n<h3><span style=\"font-size: 24pt;\">La musica crea il sottofondo<\/span><\/h3>\n[\/vc_column_text][vc_column_text]<span style=\"font-size: 14pt;\">Una\u00a0linea melodica, anche semplice, \u00e8 ideale per creare il mood di un gioco e renderlo immediatamente riconoscibile dai giocatori e non solo. Pensiamo alla musica di un classico come\u00a0Tetris: questa musica \u00e8 diventata talmente\u00a0famosa\u00a0che oggi \u00e8 universalmente conosciuta, anche al di fuori del mondo del gaming, come \u201cil tema di Tetris\u201d e non con il titolo originale del brano, cio\u00e8 \u201cKorobeiniki\u201d (una canzone popolare russa derivata da una lirica composta nel 1861 dal poeta Nikolaj Nekrasov).<\/span><br \/>\n<span style=\"font-size: 14pt;\">In questo caso, l\u2019andamento ricorrente\u00a0e quasi\u00a0ossessivo\u00a0della melodia, suonata con una velocit\u00e0 superiore all\u2019originale, \u00e8 perfetto per dare\u00a0ritmo\u00a0ad un gioco in s\u00e9 piuttosto semplice e monotono nella sua dinamica di svolgimento. In un gioco ambientato nel periodo medioevale, saranno utilizzate musiche che ricordano quel periodo storico e suoni che richiamano alla mente le armi dell\u2019epoca o il modo di spostarsi con carri e cavalli. Un titolo ambientato nella Seconda guerra mondiale avr\u00e0 invece una caratterizzazione sonora che punta a ricreare una\u00a0battaglia\u00a0cos\u00ec come era combattuta in quel periodo: cos\u00ec\u00a0gli effetti sonori richiameranno le armi utilizzate o le tecnologie del tempo.<\/span>[\/vc_column_text][vc_column_text]\n<h3><span style=\"font-size: 24pt;\">La musica contribuisce a raccontare la storia<\/span><\/h3>\n[\/vc_column_text][vc_column_text css_animation=&#8221;bounceInDown&#8221;]<span style=\"font-size: 14pt;\">Non molti sanno che la colonna sonora di un gioco \u00e8 anche un potente strumento di storytelling. Utilizzando delle avanzate tecniche di composizione, infatti, i produttori possono creare una musica che guida i giocatori nell\u2019universo ricreato dal gioco e rinforza la connessione con la storia. La musica ha anche l\u2019incredibile capacit\u00e0 di anticipare la storia: se si presta attenzione alla colonna sonora si pu\u00f2 notare che quest\u2019ultima suggerisce spesso cosa accadr\u00e0 di l\u00ec a qualche secondo. Un po\u2019 come avviene nel cinema. Tra le tecniche pi\u00f9 utilizzate abbiamo l\u2019uso di leitmotiv leggermente variati che vengono riproposti all\u2019interno del gioco: a cambiare pu\u00f2 essere l\u2019armonia, il ritmo o la strumentazione. Questa scelta contribuisce a creare un tema musicale che si evolve all\u2019interno della storia.<\/span>[\/vc_column_text][vc_column_text]\n<h3><span style=\"font-size: 24pt;\">La musica aiuta la memorizzazione<\/span><\/h3>\n[\/vc_column_text][vc_column_text css_animation=&#8221;bounceInDown&#8221;]<span style=\"font-size: 14pt;\">Un\u2019altra funzione delle musiche all\u2019interno dei videogiochi \u00e8 quella di facilitare la memorizzazione di diverse informazioni da parte del giocatore. Nei giochi \u00e8 importante tenere a mente comandi, mappe, personaggi e oggetti con le relative caratteristiche: cos\u00ec la musica pu\u00f2 creare dei particolari pattern che aiutano a ricordare delle specifiche azioni da compiere in un determinato punto del gioco.<\/span><br \/>\n<span style=\"font-size: 14pt;\">Per concludere, come abbiamo visto la musica \u00e8 una parte fondamentale dell\u2019esperienza videoludica che riveste molteplici funzioni e assolve a specifiche finalit\u00e0. Ma al di l\u00e0 di tutto, la musica rende certi giochi semplicemente meravigliosi ed indimenticabili.<\/span>[\/vc_column_text][\/vc_column][\/vc_row][vc_row][vc_column][\/vc_column][vc_column][\/vc_column][\/vc_row]\n<\/div>","protected":false},"excerpt":{"rendered":"<p>[vc_row][vc_column][vc_column_text][\/vc_column_text][\/vc_column][\/vc_row][vc_section css=&#8221;.vc_custom_1710415048089{padding-right: 100px !important;padding-left: 100px !important;}&#8221;][vc_row][vc_column width=&#8221;1\/2&#8243;][vc_column_text css_animation=&#8221;fadeInRightBig&#8221;] La musica nei videogiochi [\/vc_column_text][vc_column_text css_animation=&#8221;fadeInLeftBig&#8221;]La\u00a0musica nei videogiochi \u00e8 diventata nel tempo uno degli elementi imprescindibili che fissano nella mente di un giocatore emozioni e ricordi. Capace di condurre il giocatore durante l&#8217;intero sviluppo dell&#8217;azione e di creare sensazioni<\/p>\n","protected":false},"author":1,"featured_media":0,"parent":0,"menu_order":0,"comment_status":"closed","ping_status":"closed","template":"","meta":{"footnotes":""},"_links":{"self":[{"href":"https:\/\/ghost.dolphincity.it\/index.php?rest_route=\/wp\/v2\/pages\/1103"}],"collection":[{"href":"https:\/\/ghost.dolphincity.it\/index.php?rest_route=\/wp\/v2\/pages"}],"about":[{"href":"https:\/\/ghost.dolphincity.it\/index.php?rest_route=\/wp\/v2\/types\/page"}],"author":[{"embeddable":true,"href":"https:\/\/ghost.dolphincity.it\/index.php?rest_route=\/wp\/v2\/users\/1"}],"replies":[{"embeddable":true,"href":"https:\/\/ghost.dolphincity.it\/index.php?rest_route=%2Fwp%2Fv2%2Fcomments&post=1103"}],"version-history":[{"count":22,"href":"https:\/\/ghost.dolphincity.it\/index.php?rest_route=\/wp\/v2\/pages\/1103\/revisions"}],"predecessor-version":[{"id":1930,"href":"https:\/\/ghost.dolphincity.it\/index.php?rest_route=\/wp\/v2\/pages\/1103\/revisions\/1930"}],"wp:attachment":[{"href":"https:\/\/ghost.dolphincity.it\/index.php?rest_route=%2Fwp%2Fv2%2Fmedia&parent=1103"}],"curies":[{"name":"wp","href":"https:\/\/api.w.org\/{rel}","templated":true}]}}